{"id":173,"date":"2025-03-14T17:09:08","date_gmt":"2025-03-14T17:09:08","guid":{"rendered":"https:\/\/lemonstreduplatre.ca\/?page_id=173"},"modified":"2025-10-08T23:48:37","modified_gmt":"2025-10-08T23:48:37","slug":"about-us","status":"publish","type":"page","link":"https:\/\/lemonstreduplatre.ca\/fr\/about-us\/","title":{"rendered":"\u00c0 propos"},"content":{"rendered":"<div data-elementor-type=\"wp-page\" data-elementor-id=\"173\" class=\"elementor elementor-173\" data-elementor-post-type=\"page\">\n\t\t\t\t\t\t<section class=\"elementor-section elementor-top-section elementor-element elementor-element-5a2f37c elementor-section-height-min-height elementor-section-boxed elementor-section-height-default elementor-section-items-middle\" data-id=\"5a2f37c\" data-element_type=\"section\" data-settings=\"{&quot;background_background&quot;:&quot;classic&quot;,&quot;ekit_has_onepagescroll_dot&quot;:&quot;yes&quot;}\">\n\t\t\t\t\t\t<div class=\"elementor-container elementor-column-gap-default\">\n\t\t\t\t\t<div class=\"elementor-column elementor-col-100 elementor-top-column elementor-element elementor-element-89955ff\" data-id=\"89955ff\" data-element_type=\"column\">\n\t\t\t<div class=\"elementor-widget-wrap elementor-element-populated\">\n\t\t\t\t\t\t<div class=\"elementor-element elementor-element-5b7fc89 elementor-widget elementor-widget-heading\" data-id=\"5b7fc89\" data-element_type=\"widget\" data-settings=\"{&quot;ekit_we_effect_on&quot;:&quot;none&quot;}\" data-widget_type=\"heading.default\">\n\t\t\t\t<div class=\"elementor-widget-container\">\n\t\t\t<h2 class=\"elementor-heading-title elementor-size-default\">\u00c0 PROPOS<\/h2>\t\t<\/div>\n\t\t\t\t<\/div>\n\t\t\t\t<div class=\"elementor-element elementor-element-fe82bd2 elementor-widget elementor-widget-elementskit-breadcrumb\" data-id=\"fe82bd2\" data-element_type=\"widget\" data-settings=\"{&quot;ekit_we_effect_on&quot;:&quot;none&quot;}\" data-widget_type=\"elementskit-breadcrumb.default\">\n\t\t\t\t<div class=\"elementor-widget-container\">\n\t\t\t<div class=\"ekit-wid-con\" ><ol class=\"ekit-breadcrumb\"><li class=\"ekit_breadcrumbs_start\"><a href=\"https:\/\/lemonstreduplatre.ca\/fr\">Accueil<\/a><\/li><\/ol><\/div>\t\t<\/div>\n\t\t\t\t<\/div>\n\t\t\t\t\t<\/div>\n\t\t<\/div>\n\t\t\t\t\t<\/div>\n\t\t<\/section>\n\t\t\t\t<section class=\"elementor-section elementor-top-section elementor-element elementor-element-abf32dc elementor-section-boxed elementor-section-height-default elementor-section-height-default\" data-id=\"abf32dc\" data-element_type=\"section\" data-settings=\"{&quot;ekit_has_onepagescroll_dot&quot;:&quot;yes&quot;}\">\n\t\t\t\t\t\t<div class=\"elementor-container elementor-column-gap-default\">\n\t\t\t\t\t<div class=\"elementor-column elementor-col-100 elementor-top-column elementor-element elementor-element-6efaf12\" data-id=\"6efaf12\" data-element_type=\"column\" data-settings=\"{&quot;background_background&quot;:&quot;classic&quot;}\">\n\t\t\t<div class=\"elementor-widget-wrap elementor-element-populated\">\n\t\t\t\t\t\t<div class=\"elementor-element elementor-element-a31440c elementor-widget elementor-widget-heading\" data-id=\"a31440c\" data-element_type=\"widget\" data-settings=\"{&quot;ekit_we_effect_on&quot;:&quot;none&quot;}\" data-widget_type=\"heading.default\">\n\t\t\t\t<div class=\"elementor-widget-container\">\n\t\t\t<h2 class=\"elementor-heading-title elementor-size-default\">\u00c0 propos<\/h2>\t\t<\/div>\n\t\t\t\t<\/div>\n\t\t\t\t<div class=\"elementor-element elementor-element-fce67e6 elementor-widget elementor-widget-text-editor\" data-id=\"fce67e6\" data-element_type=\"widget\" data-settings=\"{&quot;ekit_we_effect_on&quot;:&quot;none&quot;}\" data-widget_type=\"text-editor.default\">\n\t\t\t\t<div class=\"elementor-widget-container\">\n\t\t\t\t\t\t\t<p>LE MONSTRE DU PL\u00c2TRE est une entreprise forte d\u2019une solide exp\u00e9rience acquise en Europe, o\u00f9, depuis plus de dix ans, nous avons r\u00e9alis\u00e9 des projets r\u00e9sidentiels, commerciaux et industriels de grande qualit\u00e9.<br \/><br \/>Au fil de ce parcours, nous avons d\u00e9velopp\u00e9 un savoir-faire technique approfondi et une grande capacit\u00e9 d\u2019adaptation \u00e0 diff\u00e9rents march\u00e9s.<br \/><br \/><br \/>Aujourd\u2019hui, nous franchissons une nouvelle \u00e9tape de notre histoire : nous mettons notre expertise au service du Canada, avec l\u2019ambition d\u2019apporter notre exp\u00e9rience internationale au march\u00e9 local. Notre mission est de combiner la rigueur et l\u2019excellence apprises en Europe avec l\u2019innovation, les normes et les besoins sp\u00e9cifiques du secteur canadien.<br \/><br \/>Chez LE MONSTRE DU PL\u00c2TRE, nous croyons en la cr\u00e9ation d\u2019espaces qui vont au-del\u00e0 des structures \u2014 des environnements qui am\u00e9liorent la vie des gens. <br \/><br \/>Notre engagement envers nos clients repose sur trois piliers : transparence, confiance et respect des engagements, dans chaque projet que nous entreprenons.<\/p>\t\t\t\t\t\t<\/div>\n\t\t\t\t<\/div>\n\t\t\t\t\t<\/div>\n\t\t<\/div>\n\t\t\t\t\t<\/div>\n\t\t<\/section>\n\t\t\t\t<section class=\"elementor-section elementor-top-section elementor-element elementor-element-de1c3e4 elementor-section-boxed elementor-section-height-default elementor-section-height-default\" data-id=\"de1c3e4\" data-element_type=\"section\" data-settings=\"{&quot;background_background&quot;:&quot;classic&quot;,&quot;ekit_has_onepagescroll_dot&quot;:&quot;yes&quot;}\">\n\t\t\t\t\t\t\t<div class=\"elementor-background-overlay\"><\/div>\n\t\t\t\t\t\t\t<div class=\"elementor-container elementor-column-gap-default\">\n\t\t\t\t\t<div class=\"elementor-column elementor-col-16 elementor-top-column elementor-element elementor-element-e5fda56\" data-id=\"e5fda56\" data-element_type=\"column\">\n\t\t\t<div class=\"elementor-widget-wrap\">\n\t\t\t\t\t\t\t<\/div>\n\t\t<\/div>\n\t\t\t\t<div class=\"elementor-column elementor-col-66 elementor-top-column elementor-element elementor-element-2fe9ae2\" data-id=\"2fe9ae2\" data-element_type=\"column\">\n\t\t\t<div class=\"elementor-widget-wrap\">\n\t\t\t\t\t\t\t<\/div>\n\t\t<\/div>\n\t\t\t\t<div class=\"elementor-column elementor-col-16 elementor-top-column elementor-element elementor-element-de12a1d\" data-id=\"de12a1d\" data-element_type=\"column\">\n\t\t\t<div class=\"elementor-widget-wrap\">\n\t\t\t\t\t\t\t<\/div>\n\t\t<\/div>\n\t\t\t\t\t<\/div>\n\t\t<\/section>\n\t\t\t\t<\/div>","protected":false},"excerpt":{"rendered":"<p>About US Home About Us LE MONSTRE DU PL\u00c2TRE is a company with a well-established track record in Europe, where for more than 10 years we have developed high-quality residential, commercial, and industrial projects. Through this journey, we have acquired in-depth technical knowledge and the ability to adapt to different markets Today, we take a [&hellip;]<\/p>","protected":false},"author":4,"featured_media":0,"parent":0,"menu_order":0,"comment_status":"closed","ping_status":"closed","template":"","meta":{"_monsterinsights_skip_tracking":false,"_monsterinsights_sitenote_active":false,"_monsterinsights_sitenote_note":"","_monsterinsights_sitenote_category":0,"footnotes":""},"class_list":["post-173","page","type-page","status-publish","hentry"],"_links":{"self":[{"href":"https:\/\/lemonstreduplatre.ca\/fr\/wp-json\/wp\/v2\/pages\/173","targetHints":{"allow":["GET"]}}],"collection":[{"href":"https:\/\/lemonstreduplatre.ca\/fr\/wp-json\/wp\/v2\/pages"}],"about":[{"href":"https:\/\/lemonstreduplatre.ca\/fr\/wp-json\/wp\/v2\/types\/page"}],"author":[{"embeddable":true,"href":"https:\/\/lemonstreduplatre.ca\/fr\/wp-json\/wp\/v2\/users\/4"}],"replies":[{"embeddable":true,"href":"https:\/\/lemonstreduplatre.ca\/fr\/wp-json\/wp\/v2\/comments?post=173"}],"version-history":[{"count":47,"href":"https:\/\/lemonstreduplatre.ca\/fr\/wp-json\/wp\/v2\/pages\/173\/revisions"}],"predecessor-version":[{"id":990,"href":"https:\/\/lemonstreduplatre.ca\/fr\/wp-json\/wp\/v2\/pages\/173\/revisions\/990"}],"wp:attachment":[{"href":"https:\/\/lemonstreduplatre.ca\/fr\/wp-json\/wp\/v2\/media?parent=173"}],"curies":[{"name":"wp","href":"https:\/\/api.w.org\/{rel}","templated":true}]}}